{"id":1052,"date":"2019-12-20T06:56:06","date_gmt":"2019-12-20T06:56:06","guid":{"rendered":"https:\/\/atbs.bk-ninja.com\/ceris\/?page_id=739"},"modified":"2025-03-17T18:46:56","modified_gmt":"2025-03-17T17:46:56","slug":"art","status":"publish","type":"page","link":"https:\/\/www.consultingitaliagroup.com\/blog\/","title":{"rendered":"Homepage"},"content":{"rendered":"","protected":false},"excerpt":{"rendered":"","protected":false},"author":1,"featured_media":3419,"parent":0,"menu_order":0,"comment_status":"closed","ping_status":"closed","template":"page_builder.php","meta":{"_mo_disable_npp":"","inline_featured_image":false,"footnotes":""},"class_list":["post-1052","page","type-page","status-publish","has-post-thumbnail","hentry","post--single"],"yoast_head":"<!-- This site is optimized with the Yoast SEO plugin v27.5 - https:\/\/yoast.com\/product\/yoast-seo-wordpress\/ -->\n<title>Blog Impresa e Aziende | Consulting Italia Group SRL<\/title>\n<meta name=\"description\" content=\"News e informazioni sulla vendita di aziende e cessioni attivit\u00e0, approfondimenti per chi vuole rilevare un&#039;attivit\u00e0 oppure vendere un&#039;azienda. Guide sulla gestione aziendale e le opportunit\u00e0 di business.\" \/>\n<meta name=\"robots\" content=\"index, follow, max-snippet:-1, max-image-preview:large, max-video-preview:-1\" \/>\n<link rel=\"canonical\" href=\"https:\/\/www.consultingitaliagroup.com\/blog\/\" \/>\n<meta property=\"og:locale\" content=\"it_IT\" \/>\n<meta property=\"og:type\" content=\"article\" \/>\n<meta property=\"og:title\" content=\"Blog Impresa e Aziende | Consulting Italia Group SRL\" \/>\n<meta property=\"og:description\" content=\"News e informazioni sulla vendita di aziende e cessioni attivit\u00e0, approfondimenti per chi vuole rilevare un&#039;attivit\u00e0 oppure vendere un&#039;azienda. Guide sulla gestione aziendale e le opportunit\u00e0 di business.\" \/>\n<meta property=\"og:url\" content=\"https:\/\/www.consultingitaliagroup.com\/blog\/\" \/>\n<meta property=\"og:site_name\" content=\"Blog | Consulting Italia Group SRL\" \/>\n<meta property=\"article:publisher\" content=\"https:\/\/www.facebook.com\/consultingitaliagroup\" \/>\n<meta property=\"article:modified_time\" content=\"2025-03-17T17:46:56+00:00\" \/>\n<meta property=\"og:image\" content=\"https:\/\/www.consultingitaliagroup.com\/blog\/wp-content\/uploads\/2021\/02\/consulting-italia-group-blog-categoria-news.jpg\" \/>\n\t<meta property=\"og:image:width\" content=\"1920\" \/>\n\t<meta property=\"og:image:height\" content=\"1271\" \/>\n\t<meta property=\"og:image:type\" content=\"image\/jpeg\" \/>\n<meta name=\"twitter:card\" content=\"summary_large_image\" \/>\n<meta name=\"twitter:label1\" content=\"Tempo di lettura stimato\" \/>\n\t<meta name=\"twitter:data1\" content=\"1 minuto\" \/>\n<!-- \/ Yoast SEO plugin. -->","yoast_head_json":{"title":"Blog Impresa e Aziende | Consulting Italia Group SRL","description":"News e informazioni sulla vendita di aziende e cessioni attivit\u00e0, approfondimenti per chi vuole rilevare un'attivit\u00e0 oppure vendere un'azienda. Guide sulla gestione aziendale e le opportunit\u00e0 di business.","robots":{"index":"index","follow":"follow","max-snippet":"max-snippet:-1","max-image-preview":"max-image-preview:large","max-video-preview":"max-video-preview:-1"},"canonical":"https:\/\/www.consultingitaliagroup.com\/blog\/","og_locale":"it_IT","og_type":"article","og_title":"Blog Impresa e Aziende | Consulting Italia Group SRL","og_description":"News e informazioni sulla vendita di aziende e cessioni attivit\u00e0, approfondimenti per chi vuole rilevare un'attivit\u00e0 oppure vendere un'azienda. Guide sulla gestione aziendale e le opportunit\u00e0 di business.","og_url":"https:\/\/www.consultingitaliagroup.com\/blog\/","og_site_name":"Blog | Consulting Italia Group SRL","article_publisher":"https:\/\/www.facebook.com\/consultingitaliagroup","article_modified_time":"2025-03-17T17:46:56+00:00","og_image":[{"width":1920,"height":1271,"url":"https:\/\/www.consultingitaliagroup.com\/blog\/wp-content\/uploads\/2021\/02\/consulting-italia-group-blog-categoria-news.jpg","type":"image\/jpeg"}],"twitter_card":"summary_large_image","twitter_misc":{"Tempo di lettura stimato":"1 minuto"},"schema":{"@context":"https:\/\/schema.org","@graph":[{"@type":"WebPage","@id":"https:\/\/www.consultingitaliagroup.com\/blog\/","url":"https:\/\/www.consultingitaliagroup.com\/blog\/","name":"Blog Impresa e Aziende | Consulting Italia Group SRL","isPartOf":{"@id":"https:\/\/www.consultingitaliagroup.com\/blog\/#website"},"primaryImageOfPage":{"@id":"https:\/\/www.consultingitaliagroup.com\/blog\/#primaryimage"},"image":{"@id":"https:\/\/www.consultingitaliagroup.com\/blog\/#primaryimage"},"thumbnailUrl":"https:\/\/www.consultingitaliagroup.com\/blog\/wp-content\/uploads\/2021\/02\/consulting-italia-group-blog-categoria-news.jpg","datePublished":"2019-12-20T06:56:06+00:00","dateModified":"2025-03-17T17:46:56+00:00","description":"News e informazioni sulla vendita di aziende e cessioni attivit\u00e0, approfondimenti per chi vuole rilevare un'attivit\u00e0 oppure vendere un'azienda. Guide sulla gestione aziendale e le opportunit\u00e0 di business.","breadcrumb":{"@id":"https:\/\/www.consultingitaliagroup.com\/blog\/#breadcrumb"},"inLanguage":"it-IT","potentialAction":[{"@type":"ReadAction","target":["https:\/\/www.consultingitaliagroup.com\/blog\/"]}]},{"@type":"ImageObject","inLanguage":"it-IT","@id":"https:\/\/www.consultingitaliagroup.com\/blog\/#primaryimage","url":"https:\/\/www.consultingitaliagroup.com\/blog\/wp-content\/uploads\/2021\/02\/consulting-italia-group-blog-categoria-news.jpg","contentUrl":"https:\/\/www.consultingitaliagroup.com\/blog\/wp-content\/uploads\/2021\/02\/consulting-italia-group-blog-categoria-news.jpg","width":1920,"height":1271},{"@type":"BreadcrumbList","@id":"https:\/\/www.consultingitaliagroup.com\/blog\/#breadcrumb","itemListElement":[{"@type":"ListItem","position":1,"name":"Home","item":"https:\/\/www.consultingitaliagroup.com\/blog\/"},{"@type":"ListItem","position":2,"name":"Homepage"}]},{"@type":"WebSite","@id":"https:\/\/www.consultingitaliagroup.com\/blog\/#website","url":"https:\/\/www.consultingitaliagroup.com\/blog\/","name":"Blog | Consulting Italia Group SRL","description":"Articoli e news","publisher":{"@id":"https:\/\/www.consultingitaliagroup.com\/blog\/#organization"},"potentialAction":[{"@type":"SearchAction","target":{"@type":"EntryPoint","urlTemplate":"https:\/\/www.consultingitaliagroup.com\/blog\/?s={search_term_string}"},"query-input":{"@type":"PropertyValueSpecification","valueRequired":true,"valueName":"search_term_string"}}],"inLanguage":"it-IT"},{"@type":"Organization","@id":"https:\/\/www.consultingitaliagroup.com\/blog\/#organization","name":"Consulting Italia Group SRL","url":"https:\/\/www.consultingitaliagroup.com\/blog\/","logo":{"@type":"ImageObject","inLanguage":"it-IT","@id":"https:\/\/www.consultingitaliagroup.com\/blog\/#\/schema\/logo\/image\/","url":"https:\/\/www.consultingitaliagroup.com\/blog\/wp-content\/uploads\/2025\/03\/logo-cig-25-rgb.png","contentUrl":"https:\/\/www.consultingitaliagroup.com\/blog\/wp-content\/uploads\/2025\/03\/logo-cig-25-rgb.png","width":1119,"height":362,"caption":"Consulting Italia Group SRL"},"image":{"@id":"https:\/\/www.consultingitaliagroup.com\/blog\/#\/schema\/logo\/image\/"},"sameAs":["https:\/\/www.facebook.com\/consultingitaliagroup","https:\/\/www.linkedin.com\/company\/consulting-italia-group\/"]}]}},"_links":{"self":[{"href":"https:\/\/www.consultingitaliagroup.com\/blog\/wp-json\/wp\/v2\/pages\/1052","targetHints":{"allow":["GET"]}}],"collection":[{"href":"https:\/\/www.consultingitaliagroup.com\/blog\/wp-json\/wp\/v2\/pages"}],"about":[{"href":"https:\/\/www.consultingitaliagroup.com\/blog\/wp-json\/wp\/v2\/types\/page"}],"author":[{"embeddable":true,"href":"https:\/\/www.consultingitaliagroup.com\/blog\/wp-json\/wp\/v2\/users\/1"}],"replies":[{"embeddable":true,"href":"https:\/\/www.consultingitaliagroup.com\/blog\/wp-json\/wp\/v2\/comments?post=1052"}],"version-history":[{"count":2,"href":"https:\/\/www.consultingitaliagroup.com\/blog\/wp-json\/wp\/v2\/pages\/1052\/revisions"}],"predecessor-version":[{"id":6292,"href":"https:\/\/www.consultingitaliagroup.com\/blog\/wp-json\/wp\/v2\/pages\/1052\/revisions\/6292"}],"wp:featuredmedia":[{"embeddable":true,"href":"https:\/\/www.consultingitaliagroup.com\/blog\/wp-json\/wp\/v2\/media\/3419"}],"wp:attachment":[{"href":"https:\/\/www.consultingitaliagroup.com\/blog\/wp-json\/wp\/v2\/media?parent=1052"}],"curies":[{"name":"wp","href":"https:\/\/api.w.org\/{rel}","templated":true}]}}